{"id":225,"date":"2016-09-28T15:59:34","date_gmt":"2016-09-28T15:59:34","guid":{"rendered":"https:\/\/laanemaa1.ee\/ru\/?page_id=225"},"modified":"2016-09-28T16:35:40","modified_gmt":"2016-09-28T16:35:40","slug":"%d0%b3%d0%bb%d0%b0%d0%b2%d0%bd%d0%b0%d1%8f-%d1%81%d1%82%d1%80%d0%b0%d0%bd%d0%b8%d1%86%d0%b0","status":"publish","type":"page","link":"https:\/\/laanemaa1.ee\/ru\/","title":{"rendered":"\u0413\u041b\u0410\u0412\u041d\u0410\u042f \u0421\u0422\u0420\u0410\u041d\u0418\u0426\u0410"},"content":{"rendered":"\n<style type=\"text\/css\" data-created_by=\"avia_inline_auto\" id=\"style-css-av-av_section-e96a3809d56abcf95e81023234505229\">\n.avia-section.av-av_section-e96a3809d56abcf95e81023234505229{\nbackground-repeat:no-repeat;\nbackground-image:url(https:\/\/laanemaa1.ee\/wp-content\/uploads\/2016\/02\/avaleht.jpg);\nbackground-position:50% 0%;\nbackground-attachment:scroll;\n}\n.avia-section.av-av_section-e96a3809d56abcf95e81023234505229 .av-section-color-overlay{\nopacity:0.2;\nbackground-color:#246dad;\n}\n<\/style>\n<div id='av_section_1'  class='avia-section av-av_section-e96a3809d56abcf95e81023234505229 main_color avia-section-default avia-no-shadow  avia-builder-el-0  avia-builder-el-no-sibling  avia-bg-style-scroll av-section-color-overlay-active av-minimum-height av-minimum-height-100 av-height-100  container_wrap fullsize'  data-section-bg-repeat='no-repeat' data-av_minimum_height_pc='100' data-av_min_height_opt='100'><div class=\"av-section-color-overlay-wrap\"><div class=\"av-section-color-overlay\"><\/div><div class='container av-section-cont-open' ><main  role=\"main\" itemprop=\"mainContentOfPage\"  class='template-page content  av-content-full alpha units'><div class='post-entry post-entry-type-page post-entry-225'><div class='entry-content-wrapper clearfix'>\n\n<style type=\"text\/css\" data-created_by=\"avia_inline_auto\" id=\"style-css-av-av_one_full-6126cab7d8fab8d08143dd2dacdf673c\">\n.flex_column.av-av_one_full-6126cab7d8fab8d08143dd2dacdf673c{\nborder-radius:0px 0px 0px 0px;\npadding:0px 0px 0px 0px;\n}\n<\/style>\n<div  class='flex_column av-av_one_full-6126cab7d8fab8d08143dd2dacdf673c av_one_full  avia-builder-el-1  avia-builder-el-no-sibling  first flex_column_div av-zero-column-padding  '     ><p>\n<style type=\"text\/css\" data-created_by=\"avia_inline_auto\" id=\"style-css-av-av_heading-8766e68ecd3ad1ceb248d4a9563c8547\">\n#top .av-special-heading.av-av_heading-8766e68ecd3ad1ceb248d4a9563c8547{\npadding-bottom:10px;\ncolor:#ffffff;\nfont-size:60px;\n}\nbody .av-special-heading.av-av_heading-8766e68ecd3ad1ceb248d4a9563c8547 .av-special-heading-tag .heading-char{\nfont-size:25px;\n}\n#top #wrap_all .av-special-heading.av-av_heading-8766e68ecd3ad1ceb248d4a9563c8547 .av-special-heading-tag{\nfont-size:60px;\n}\n.av-special-heading.av-av_heading-8766e68ecd3ad1ceb248d4a9563c8547 .special-heading-inner-border{\nborder-color:#ffffff;\n}\n.av-special-heading.av-av_heading-8766e68ecd3ad1ceb248d4a9563c8547 .av-subheading{\nfont-size:15px;\n}\n\n@media only screen and (min-width: 480px) and (max-width: 767px){ \n#top #wrap_all .av-special-heading.av-av_heading-8766e68ecd3ad1ceb248d4a9563c8547 .av-special-heading-tag{\nfont-size:0.8em;\n}\n}\n\n@media only screen and (max-width: 479px){ \n#top #wrap_all .av-special-heading.av-av_heading-8766e68ecd3ad1ceb248d4a9563c8547 .av-special-heading-tag{\nfont-size:0.8em;\n}\n}\n<\/style>\n<div  class='av-special-heading av-av_heading-8766e68ecd3ad1ceb248d4a9563c8547 av-special-heading-h1 custom-color-heading blockquote modern-quote modern-centered  avia-builder-el-2  el_before_av_button  avia-builder-el-first  av-inherit-size'><h1 class='av-special-heading-tag '  itemprop=\"headline\"  >L\u00e4\u00e4nemaa I Advokaadib\u00fcroo O\u00dc<\/h1><div class=\"special-heading-border\"><div class=\"special-heading-inner-border\"><\/div><\/div><\/div><br \/>\n<div  class='avia-button-wrap av-av_button-19b09dc072f8379223530e156ee2c666-wrap avia-button-center  avia-builder-el-3  el_after_av_heading  avia-builder-el-last '><a href='https:\/\/laanemaa1.ee\/ru\/%d0%ba%d0%be%d0%bd%d1%82%d0%b0%d0%ba%d1%82\/'  class='avia-button av-av_button-19b09dc072f8379223530e156ee2c666 av-link-btn avia-icon_select-no avia-size-large avia-position-center avia-color-light'   aria-label=\"\u0421\u0432\u044f\u0436\u0438\u0442\u0435\u0441\u044c \u0441 \u043d\u0430\u043c\u0438\"><span class='avia_iconbox_title' >\u0421\u0432\u044f\u0436\u0438\u0442\u0435\u0441\u044c \u0441 \u043d\u0430\u043c\u0438<\/span><\/a><\/div><\/p><\/div>\n","protected":false},"excerpt":{"rendered":"","protected":false},"author":2,"featured_media":0,"parent":0,"menu_order":0,"comment_status":"closed","ping_status":"closed","template":"","meta":{"footnotes":""},"class_list":["post-225","page","type-page","status-publish","hentry"],"yoast_head":"<!-- This site is optimized with the Yoast SEO plugin v25.6 - https:\/\/yoast.com\/wordpress\/plugins\/seo\/ -->\n<title>\u0413\u041b\u0410\u0412\u041d\u0410\u042f \u0421\u0422\u0420\u0410\u041d\u0418\u0426\u0410 - L\u00e4\u00e4nemaa I Advokaadib\u00fcroo<\/title>\n<meta name=\"robots\" content=\"index, follow, max-snippet:-1, max-image-preview:large, max-video-preview:-1\" \/>\n<link rel=\"canonical\" href=\"https:\/\/laanemaa1.ee\/ru\/\" \/>\n<meta property=\"og:locale\" content=\"ru_RU\" \/>\n<meta property=\"og:type\" content=\"article\" \/>\n<meta property=\"og:title\" content=\"\u0413\u041b\u0410\u0412\u041d\u0410\u042f \u0421\u0422\u0420\u0410\u041d\u0418\u0426\u0410 - L\u00e4\u00e4nemaa I Advokaadib\u00fcroo\" \/>\n<meta property=\"og:url\" content=\"https:\/\/laanemaa1.ee\/ru\/\" \/>\n<meta property=\"og:site_name\" content=\"L\u00e4\u00e4nemaa I Advokaadib\u00fcroo\" \/>\n<meta property=\"article:modified_time\" content=\"2016-09-28T16:35:40+00:00\" \/>\n<meta name=\"twitter:card\" content=\"summary_large_image\" \/>\n<meta name=\"twitter:label1\" content=\"\u041f\u0440\u0438\u043c\u0435\u0440\u043d\u043e\u0435 \u0432\u0440\u0435\u043c\u044f \u0434\u043b\u044f \u0447\u0442\u0435\u043d\u0438\u044f\" \/>\n\t<meta name=\"twitter:data1\" content=\"1 \u043c\u0438\u043d\u0443\u0442\u0430\" \/>\n<script type=\"application\/ld+json\" class=\"yoast-schema-graph\">{\"@context\":\"https:\/\/schema.org\",\"@graph\":[{\"@type\":\"WebPage\",\"@id\":\"https:\/\/laanemaa1.ee\/ru\/\",\"url\":\"https:\/\/laanemaa1.ee\/ru\/\",\"name\":\"\u0413\u041b\u0410\u0412\u041d\u0410\u042f \u0421\u0422\u0420\u0410\u041d\u0418\u0426\u0410 - L\u00e4\u00e4nemaa I Advokaadib\u00fcroo\",\"isPartOf\":{\"@id\":\"https:\/\/laanemaa1.ee\/#website\"},\"datePublished\":\"2016-09-28T15:59:34+00:00\",\"dateModified\":\"2016-09-28T16:35:40+00:00\",\"breadcrumb\":{\"@id\":\"https:\/\/laanemaa1.ee\/ru\/#breadcrumb\"},\"inLanguage\":\"ru-RU\",\"potentialAction\":[{\"@type\":\"ReadAction\",\"target\":[\"https:\/\/laanemaa1.ee\/ru\/\"]}]},{\"@type\":\"BreadcrumbList\",\"@id\":\"https:\/\/laanemaa1.ee\/ru\/#breadcrumb\",\"itemListElement\":[{\"@type\":\"ListItem\",\"position\":1,\"name\":\"Home\",\"item\":\"https:\/\/laanemaa1.ee\/ru\/\"},{\"@type\":\"ListItem\",\"position\":2,\"name\":\"\u0413\u041b\u0410\u0412\u041d\u0410\u042f \u0421\u0422\u0420\u0410\u041d\u0418\u0426\u0410\"}]},{\"@type\":\"WebSite\",\"@id\":\"https:\/\/laanemaa1.ee\/#website\",\"url\":\"https:\/\/laanemaa1.ee\/\",\"name\":\"L\u00e4\u00e4nemaa I Advokaadib\u00fcroo\",\"description\":\"\",\"potentialAction\":[{\"@type\":\"SearchAction\",\"target\":{\"@type\":\"EntryPoint\",\"urlTemplate\":\"https:\/\/laanemaa1.ee\/?s={search_term_string}\"},\"query-input\":{\"@type\":\"PropertyValueSpecification\",\"valueRequired\":true,\"valueName\":\"search_term_string\"}}],\"inLanguage\":\"ru-RU\"}]}<\/script>\n<!-- \/ Yoast SEO plugin. -->","yoast_head_json":{"title":"\u0413\u041b\u0410\u0412\u041d\u0410\u042f \u0421\u0422\u0420\u0410\u041d\u0418\u0426\u0410 - L\u00e4\u00e4nemaa I Advokaadib\u00fcroo","robots":{"index":"index","follow":"follow","max-snippet":"max-snippet:-1","max-image-preview":"max-image-preview:large","max-video-preview":"max-video-preview:-1"},"canonical":"https:\/\/laanemaa1.ee\/ru\/","og_locale":"ru_RU","og_type":"article","og_title":"\u0413\u041b\u0410\u0412\u041d\u0410\u042f \u0421\u0422\u0420\u0410\u041d\u0418\u0426\u0410 - L\u00e4\u00e4nemaa I Advokaadib\u00fcroo","og_url":"https:\/\/laanemaa1.ee\/ru\/","og_site_name":"L\u00e4\u00e4nemaa I Advokaadib\u00fcroo","article_modified_time":"2016-09-28T16:35:40+00:00","twitter_card":"summary_large_image","twitter_misc":{"\u041f\u0440\u0438\u043c\u0435\u0440\u043d\u043e\u0435 \u0432\u0440\u0435\u043c\u044f \u0434\u043b\u044f \u0447\u0442\u0435\u043d\u0438\u044f":"1 \u043c\u0438\u043d\u0443\u0442\u0430"},"schema":{"@context":"https:\/\/schema.org","@graph":[{"@type":"WebPage","@id":"https:\/\/laanemaa1.ee\/ru\/","url":"https:\/\/laanemaa1.ee\/ru\/","name":"\u0413\u041b\u0410\u0412\u041d\u0410\u042f \u0421\u0422\u0420\u0410\u041d\u0418\u0426\u0410 - L\u00e4\u00e4nemaa I Advokaadib\u00fcroo","isPartOf":{"@id":"https:\/\/laanemaa1.ee\/#website"},"datePublished":"2016-09-28T15:59:34+00:00","dateModified":"2016-09-28T16:35:40+00:00","breadcrumb":{"@id":"https:\/\/laanemaa1.ee\/ru\/#breadcrumb"},"inLanguage":"ru-RU","potentialAction":[{"@type":"ReadAction","target":["https:\/\/laanemaa1.ee\/ru\/"]}]},{"@type":"BreadcrumbList","@id":"https:\/\/laanemaa1.ee\/ru\/#breadcrumb","itemListElement":[{"@type":"ListItem","position":1,"name":"Home","item":"https:\/\/laanemaa1.ee\/ru\/"},{"@type":"ListItem","position":2,"name":"\u0413\u041b\u0410\u0412\u041d\u0410\u042f \u0421\u0422\u0420\u0410\u041d\u0418\u0426\u0410"}]},{"@type":"WebSite","@id":"https:\/\/laanemaa1.ee\/#website","url":"https:\/\/laanemaa1.ee\/","name":"L\u00e4\u00e4nemaa I Advokaadib\u00fcroo","description":"","potentialAction":[{"@type":"SearchAction","target":{"@type":"EntryPoint","urlTemplate":"https:\/\/laanemaa1.ee\/?s={search_term_string}"},"query-input":{"@type":"PropertyValueSpecification","valueRequired":true,"valueName":"search_term_string"}}],"inLanguage":"ru-RU"}]}},"_links":{"self":[{"href":"https:\/\/laanemaa1.ee\/ru\/wp-json\/wp\/v2\/pages\/225","targetHints":{"allow":["GET"]}}],"collection":[{"href":"https:\/\/laanemaa1.ee\/ru\/wp-json\/wp\/v2\/pages"}],"about":[{"href":"https:\/\/laanemaa1.ee\/ru\/wp-json\/wp\/v2\/types\/page"}],"author":[{"embeddable":true,"href":"https:\/\/laanemaa1.ee\/ru\/wp-json\/wp\/v2\/users\/2"}],"replies":[{"embeddable":true,"href":"https:\/\/laanemaa1.ee\/ru\/wp-json\/wp\/v2\/comments?post=225"}],"version-history":[{"count":2,"href":"https:\/\/laanemaa1.ee\/ru\/wp-json\/wp\/v2\/pages\/225\/revisions"}],"predecessor-version":[{"id":246,"href":"https:\/\/laanemaa1.ee\/ru\/wp-json\/wp\/v2\/pages\/225\/revisions\/246"}],"wp:attachment":[{"href":"https:\/\/laanemaa1.ee\/ru\/wp-json\/wp\/v2\/media?parent=225"}],"curies":[{"name":"wp","href":"https:\/\/api.w.org\/{rel}","templated":true}]}}