{"id":235,"date":"2016-09-28T16:11:52","date_gmt":"2016-09-28T16:11:52","guid":{"rendered":"https:\/\/laanemaa1.ee\/ru\/?page_id=235"},"modified":"2016-09-28T16:11:52","modified_gmt":"2016-09-28T16:11:52","slug":"%d0%bf%d0%b5%d0%bd%d0%b8%d1%82%d0%b5%d0%bd%d1%86%d0%b8%d0%b0%d1%80%d0%bd%d0%be%d0%b5-%d0%bf%d1%80%d0%b0%d0%b2%d0%be","status":"publish","type":"page","link":"https:\/\/laanemaa1.ee\/ru\/%d0%bf%d0%b5%d0%bd%d0%b8%d1%82%d0%b5%d0%bd%d1%86%d0%b8%d0%b0%d1%80%d0%bd%d0%be%d0%b5-%d0%bf%d1%80%d0%b0%d0%b2%d0%be\/","title":{"rendered":"\u041f\u0415\u041d\u0418\u0422\u0415\u041d\u0426\u0418\u0410\u0420\u041d\u041e\u0415 \u041f\u0420\u0410\u0412\u041e"},"content":{"rendered":"\n<style type=\"text\/css\" data-created_by=\"avia_inline_auto\" id=\"style-css-av-av_section-cf9761bb6e709633b499a656b554a5b1\">\n.avia-section.av-av_section-cf9761bb6e709633b499a656b554a5b1{\nbackground-repeat:no-repeat;\nbackground-image:url(https:\/\/laanemaa1.ee\/wp-content\/uploads\/2016\/08\/bg1.jpg);\nbackground-position:50% 0%;\nbackground-attachment:fixed;\n}\n.avia-section.av-av_section-cf9761bb6e709633b499a656b554a5b1 .av-section-color-overlay{\nopacity:0.9;\nbackground-color:#022e4f;\n}\n<\/style>\n<div id='av_section_1'  class='avia-section av-av_section-cf9761bb6e709633b499a656b554a5b1 main_color avia-section-default avia-no-shadow  avia-builder-el-0  avia-builder-el-no-sibling  avia-bg-style-fixed av-section-color-overlay-active av-minimum-height av-minimum-height-100 av-height-100  container_wrap fullsize'  data-section-bg-repeat='no-repeat' data-av_minimum_height_pc='100' data-av_min_height_opt='100'><div class=\"av-section-color-overlay-wrap\"><div class=\"av-section-color-overlay\"><\/div><div class='container av-section-cont-open' ><main  role=\"main\" itemprop=\"mainContentOfPage\"  class='template-page content  av-content-full alpha units'><div class='post-entry post-entry-type-page post-entry-235'><div class='entry-content-wrapper clearfix'>\n\n<style type=\"text\/css\" data-created_by=\"avia_inline_auto\" id=\"style-css-av-av_heading-f159ae43148d5e9e6ac804f119df770b\">\n#top .av-special-heading.av-av_heading-f159ae43148d5e9e6ac804f119df770b{\npadding-bottom:10px;\ncolor:#ffffff;\n}\nbody .av-special-heading.av-av_heading-f159ae43148d5e9e6ac804f119df770b .av-special-heading-tag .heading-char{\nfont-size:25px;\n}\n.av-special-heading.av-av_heading-f159ae43148d5e9e6ac804f119df770b .special-heading-inner-border{\nborder-color:#ffffff;\n}\n.av-special-heading.av-av_heading-f159ae43148d5e9e6ac804f119df770b .av-subheading{\nfont-size:15px;\n}\n<\/style>\n<div  class='av-special-heading av-av_heading-f159ae43148d5e9e6ac804f119df770b av-special-heading-h1 custom-color-heading  avia-builder-el-1  el_before_av_textblock  avia-builder-el-first '><h1 class='av-special-heading-tag '  itemprop=\"headline\"  >\u041f\u0415\u041d\u0418\u0422\u0415\u041d\u0426\u0418\u0410\u0420\u041d\u041e\u0415 \u041f\u0420\u0410\u0412\u041e<\/h1><div class=\"special-heading-border\"><div class=\"special-heading-inner-border\"><\/div><\/div><\/div>\n<section  class='av_textblock_section av-av_textblock-0366cc7376be6c9e82a3e9cc8987b64f '   itemscope=\"itemscope\" itemtype=\"https:\/\/schema.org\/CreativeWork\" ><div class='avia_textblock'  itemprop=\"text\" ><p>\u041a\u043e\u043d\u0441\u0443\u043b\u044c\u0442\u0438\u0440\u0443\u0435\u043c, \u0437\u0430\u0449\u0438\u0449\u0430\u0435\u043c \u0438 \u043f\u0440\u0435\u0434\u0441\u0442\u0430\u0432\u043b\u044f\u0435\u043c \u043b\u0438\u0446 \u0432\u043e \u0432\u043d\u0435\u0441\u0443\u0434\u0435\u0431\u043d\u043e\u043c \u043f\u0440\u043e\u0438\u0437\u0432\u043e\u0434\u0441\u0442\u0432\u0435, \u0434\u043e\u0441\u0443\u0434\u0435\u0431\u043d\u043e\u043c \u043f\u0440\u043e\u0438\u0437\u0432\u043e\u0434\u0441\u0442\u0432\u0435, \u0430 \u0442\u0430\u043a\u0436\u0435 \u0432 \u0441\u0430\u043c\u043e\u043c \u0441\u0443\u0434\u0435\u0431\u043d\u043e\u043c \u043f\u0440\u043e\u0438\u0437\u0432\u043e\u0434\u0441\u0442\u0432\u0435 \u043f\u043e \u0434\u0435\u043b\u0430\u043c, \u043a\u0430\u0441\u0430\u044e\u0449\u0438\u043c\u0441\u044f \u0432\u0438\u043d\u043e\u0432\u043d\u044b\u0445 <strong>\u0434\u0435\u044f\u043d\u0438\u0439<\/strong> (\u043a\u0430\u043a \u0434\u0435\u043b\u0430 \u043e \u043f\u0440\u043e\u0441\u0442\u0443\u043f\u043a\u0435, \u0442\u0430\u043a \u0438 \u0443\u0433\u043e\u043b\u043e\u0432\u043d\u044b\u0435 \u0434\u0435\u043b\u0430), \u0438 \u0434\u043b\u044f \u044d\u0442\u043e\u0433\u043e \u043c\u044b \u043e\u0431\u043b\u0430\u0434\u0430\u0435\u043c \u0431\u043e\u0433\u0430\u0442\u044b\u043c \u043c\u043d\u043e\u0433\u043e\u043b\u0435\u0442\u043d\u0438\u043c \u043e\u043f\u044b\u0442\u043e\u043c.<\/p>\n<p>\u0412\u0438\u043d\u043e\u0432\u043d\u044b\u0435 \u0434\u0435\u044f\u043d\u0438\u044f \u0434\u0435\u043b\u044f\u0442\u0441\u044f \u043d\u0430 <strong>\u043f\u0440\u043e\u0441\u0442\u0443\u043f\u043a\u0438<\/strong> \u0438 <strong>\u043f\u0440\u0435\u0441\u0442\u0443\u043f\u043b\u0435\u043d\u0438\u044f<\/strong>, \u043e\u0441\u043d\u043e\u0432\u043d\u043e\u0435 \u0437\u0430\u043a\u043e\u043d\u043d\u043e\u0435 \u0440\u0430\u0437\u043b\u0438\u0447\u0438\u0435 \u043a\u043e\u0442\u043e\u0440\u044b\u0445 \u0437\u0430\u043a\u043b\u044e\u0447\u0430\u0435\u0442\u0441\u044f \u0432 \u0442\u043e\u043c, \u0447\u0442\u043e \u0437\u0430 \u043f\u0440\u0435\u0441\u0442\u0443\u043f\u043b\u0435\u043d\u0438\u0435 \u0441\u0443\u0434 \u043c\u043e\u0436\u0435\u0442 \u043d\u0430\u0437\u043d\u0430\u0447\u0438\u0442\u044c \u043e\u0431\u0432\u0438\u043d\u044f\u0435\u043c\u043e\u043c\u0443 \u0434\u0435\u043d\u0435\u0436\u043d\u043e\u0435 \u043d\u0430\u043a\u0430\u0437\u0430\u043d\u0438\u0435 (\u043d\u0435 \u043f\u0443\u0442\u0430\u0442\u044c \u0441 \u0434\u0435\u043d\u0435\u0436\u043d\u044b\u043c \u0448\u0442\u0440\u0430\u0444\u043e\u043c) \u0438\u043b\u0438 \u0442\u044e\u0440\u0435\u043c\u043d\u043e\u0435 \u0437\u0430\u043a\u043b\u044e\u0447\u0435\u043d\u0438\u0435. \u0421\u0443\u0449\u0435\u0441\u0442\u0432\u0435\u043d\u043d\u043e\u0435 \u043f\u0440\u043e\u0438\u0437\u0432\u043e\u0434\u0441\u0442\u0432\u0435\u043d\u043d\u043e\u0435 \u0440\u0430\u0437\u043b\u0438\u0447\u0438\u0435 \u043c\u0435\u0436\u0434\u0443 \u043d\u0438\u043c\u0438 \u0437\u0430\u043a\u043b\u044e\u0447\u0430\u0435\u0442\u0441\u044f \u0432 \u0442\u043e\u043c, \u0447\u0442\u043e \u043f\u0440\u043e\u0438\u0437\u0432\u043e\u0434\u0441\u0442\u0432\u043e \u043f\u043e \u043f\u0440\u0435\u0441\u0442\u0443\u043f\u043b\u0435\u043d\u0438\u044e \u0432\u0435\u0434\u0435\u0442\u0441\u044f \u0432 \u0440\u0430\u043c\u043a\u0430\u0445 \u0443\u0433\u043e\u043b\u043e\u0432\u043d\u043e\u0433\u043e \u0434\u0435\u043b\u0430, \u0438 \u043d\u0430\u043a\u0430\u0437\u0430\u043d\u0438\u0435 \u0432\u0441\u0435\u0433\u0434\u0430 \u043d\u0430\u0437\u043d\u0430\u0447\u0430\u0435\u0442 \u0441\u0443\u0434. \u0427\u0442\u043e \u043a\u0430\u0441\u0430\u0435\u0442\u0441\u044f \u0434\u0435\u043b \u043e \u043f\u0440\u043e\u0441\u0442\u0443\u043f\u043a\u0430\u0445, \u0442\u043e \u043f\u043e\u043c\u0438\u043c\u043e \u0441\u0443\u0434\u0430 \u043d\u0430\u043a\u0430\u0437\u0430\u043d\u0438\u0435 \u043c\u043e\u0436\u0435\u0442 \u043d\u0430\u0437\u043d\u0430\u0447\u0438\u0442\u044c \u0438 \u0434\u0440\u0443\u0433\u043e\u0435 \u043b\u0438\u0446\u043e, \u0432\u0435\u0434\u0443\u0449\u0435\u0435 \u043f\u0440\u043e\u0438\u0437\u0432\u043e\u0434\u0441\u0442\u0432\u043e, \u0431\u0443\u0434\u044c \u0442\u043e \u043c\u0435\u0441\u0442\u043d\u043e\u0435 \u0441\u0430\u043c\u043e\u0443\u043f\u0440\u0430\u0432\u043b\u0435\u043d\u0438\u0435, \u0414\u0435\u043f\u0430\u0440\u0442\u0430\u043c\u0435\u043d\u0442 \u043f\u043e\u043b\u0438\u0446\u0438\u0438 \u0438 \u043f\u043e\u0433\u0440\u0430\u043d\u043e\u0445\u0440\u0430\u043d\u044b \u0438\u043b\u0438 \u0436\u0435 \u0434\u0440\u0443\u0433\u043e\u0435 \u0433\u043e\u0441\u0443\u0434\u0430\u0440\u0441\u0442\u0432\u0435\u043d\u043d\u043e\u0435 \u0443\u0447\u0440\u0435\u0436\u0434\u0435\u043d\u0438\u0435, \u0443 \u043a\u043e\u0442\u043e\u0440\u043e\u0433\u043e \u0435\u0441\u0442\u044c \u0437\u0430\u043a\u043e\u043d\u043d\u043e\u0435 \u043f\u0440\u0430\u0432\u043e \u0432\u0435\u0441\u0442\u0438 \u043f\u0440\u043e\u0438\u0437\u0432\u043e\u0434\u0441\u0442\u0432\u043e \u043f\u043e \u0434\u0430\u043d\u043d\u043e\u043c\u0443 \u0434\u0435\u043b\u0443 \u043e \u043f\u0440\u043e\u0441\u0442\u0443\u043f\u043a\u0435.<\/p>\n<p>\u041e\u0441\u043d\u043e\u0432\u043d\u043e\u0439 \u044e\u0440\u0438\u0434\u0438\u0447\u0435\u0441\u043a\u043e\u0439 \u043f\u043e\u043c\u043e\u0449\u044c\u044e \u0432 \u0434\u0435\u043b\u0430\u0445 \u043e <strong>\u043f\u0440\u043e\u0441\u0442\u0443\u043f\u043a\u0430\u0445 \u044f\u0432\u043b\u044f\u0435\u0442\u0441\u044f<\/strong> \u0437\u0430\u0449\u0438\u0442\u0430 \u043b\u0438\u0446\u0430, \u0432 \u043e\u0442\u043d\u043e\u0448\u0435\u043d\u0438\u0438 \u043a\u043e\u0442\u043e\u0440\u043e\u0433\u043e \u0432\u0435\u0434\u0435\u0442\u0441\u044f \u043f\u0440\u043e\u0438\u0437\u0432\u043e\u0434\u0441\u0442\u0432\u043e, \u0432\u043e \u0432\u043d\u0435\u0441\u0443\u0434\u0435\u0431\u043d\u043e\u043c \u043f\u0440\u043e\u0438\u0437\u0432\u043e\u0434\u0441\u0442\u0432\u0435 \u043f\u043e \u0434\u0435\u043b\u0443 \u043e \u043f\u0440\u043e\u0441\u0442\u0443\u043f\u043a\u0435, \u0441\u043e\u0441\u0442\u0430\u0432\u043b\u0435\u043d\u0438\u0435 \u0436\u0430\u043b\u043e\u0431\u044b \u043d\u0430 \u0440\u0435\u0448\u0435\u043d\u0438\u0435 \u043e\u0442\u043d\u043e\u0441\u0438\u0442\u0435\u043b\u044c\u043d\u043e \u043f\u0440\u043e\u0441\u0442\u0443\u043f\u043a\u0430 \u0438 \u0437\u0430\u0449\u0438\u0442\u0430 \u0432 \u0441\u0443\u0434\u0435\u0431\u043d\u043e\u043c \u043f\u0440\u043e\u0438\u0437\u0432\u043e\u0434\u0441\u0442\u0432\u0435. \u041e\u0441\u043d\u043e\u0432\u043d\u043e\u0439 \u044e\u0440\u0438\u0434\u0438\u0447\u0435\u0441\u043a\u043e\u0439 \u043f\u043e\u043c\u043e\u0449\u044c\u044e \u0432 \u0443\u0433\u043e\u043b\u043e\u0432\u043d\u044b\u0445 \u0434\u0435\u043b\u0430\u0445 \u044f\u0432\u043b\u044f\u0435\u0442\u0441\u044f \u043f\u0440\u0435\u0434\u0441\u0442\u0430\u0432\u043b\u0435\u043d\u0438\u0435 \u043f\u043e\u0442\u0435\u0440\u043f\u0435\u0432\u0448\u0435\u0433\u043e \u043b\u0438\u0446\u0430 \u043a\u0430\u043a \u0432 \u0434\u043e\u0441\u0443\u0434\u0435\u0431\u043d\u043e\u043c, \u0442\u0430\u043a \u0438 \u0432 \u0441\u0443\u0434\u0435\u0431\u043d\u043e\u043c \u043f\u0440\u043e\u0438\u0437\u0432\u043e\u0434\u0441\u0442\u0432\u0435, \u0430 \u0442\u0430\u043a\u0436\u0435 \u0437\u0430\u0449\u0438\u0442\u0430 \u043f\u043e\u0434\u043e\u0437\u0440\u0435\u0432\u0430\u0435\u043c\u043e\u0433\u043e \u043b\u0438\u0446\u0430 \u043a\u0430\u043a \u0432 \u043f\u043e\u043b\u0438\u0446\u0438\u0438, \u0442\u0430\u043a \u0438 \u0432 \u043f\u0440\u043e\u043a\u0443\u0440\u0430\u0442\u0443\u0440\u0435, \u0438 \u0437\u0430\u0449\u0438\u0442\u0430 \u043e\u0431\u0432\u0438\u043d\u044f\u0435\u043c\u043e\u0433\u043e \u043b\u0438\u0446\u0430 \u0432 \u0441\u0443\u0434\u0435\u0431\u043d\u043e\u043c \u043f\u0440\u043e\u0438\u0437\u0432\u043e\u0434\u0441\u0442\u0432\u0435 \u0432\u043e \u0432\u0441\u0435\u0445 \u0441\u0443\u0434\u0435\u0431\u043d\u044b\u0445 \u0438\u043d\u0441\u0442\u0430\u043d\u0446\u0438\u044f\u0445. \u041f\u043e\u044f\u0441\u043d\u044f\u0435\u043c, \u0447\u0442\u043e \u043f\u043e\u0434\u043e\u0437\u0440\u0435\u0432\u0430\u0435\u043c\u043e\u0435 \u043b\u0438\u0446\u043e \u0441\u0442\u0430\u043b\u043e \u043e\u0431\u0432\u0438\u043d\u044f\u0435\u043c\u044b\u043c, \u0435\u0441\u043b\u0438 \u043f\u0440\u043e\u043a\u0443\u0440\u043e\u0440 \u043e\u0442\u043f\u0440\u0430\u0432\u043b\u044f\u0435\u0442 \u0432 \u0441\u0443\u0434 \u0443\u0433\u043e\u043b\u043e\u0432\u043d\u043e\u0435 \u0434\u0435\u043b\u043e \u0441 \u043e\u0431\u0432\u0438\u043d\u0438\u0442\u0435\u043b\u044c\u043d\u044b\u043c \u0430\u043a\u0442\u043e\u043c \u0438\u043b\u0438 \u0441\u043e\u0433\u043b\u0430\u0448\u0435\u043d\u0438\u0435\u043c \u043f\u043e \u0441\u043e\u0433\u043b\u0430\u0441\u0438\u0442\u0435\u043b\u044c\u043d\u043e\u043c\u0443 \u043f\u0440\u043e\u0438\u0437\u0432\u043e\u0434\u0441\u0442\u0432\u0443.<\/p>\n<p>\u0415\u0441\u043b\u0438 \u0412\u0430\u0441 \u0432\u044b\u0437\u044b\u0432\u0430\u044e\u0442 \u0432 \u043f\u043e\u043b\u0438\u0446\u0438\u044e \u0438\u043b\u0438 \u043f\u0440\u043e\u043a\u0443\u0440\u0430\u0442\u0443\u0440\u0443 \u0432 \u0440\u043e\u043b\u0438 \u043f\u043e\u0434\u043e\u0437\u0440\u0435\u0432\u0430\u0435\u043c\u043e\u0433\u043e, \u0437\u043d\u0430\u0439\u0442\u0435, \u0447\u0442\u043e \u043d\u0430 \u043e\u0441\u043d\u043e\u0432\u0430\u043d\u0438\u0438 <strong>\u0441\u0442. 21<\/strong> \u041e\u0441\u043d\u043e\u0432\u043d\u043e\u0433\u043e \u0437\u0430\u043a\u043e\u043d\u0430 \u043f\u043e\u0434\u043e\u0437\u0440\u0435\u0432\u0430\u0435\u043c\u043e\u043c\u0443 \u0432 \u0441\u043e\u0432\u0435\u0440\u0448\u0435\u043d\u0438\u0438 \u043f\u0440\u0435\u0441\u0442\u0443\u043f\u043b\u0435\u043d\u0438\u044f \u0442\u0443\u0442 \u0436\u0435 \u043f\u0440\u0435\u0434\u043e\u0441\u0442\u0430\u0432\u043b\u044f\u0435\u0442\u0441\u044f \u0432\u043e\u0437\u043c\u043e\u0436\u043d\u043e\u0441\u0442\u044c \u0432\u044b\u0431\u0440\u0430\u0442\u044c \u0441\u0435\u0431\u0435 \u0437\u0430\u0449\u0438\u0442\u043d\u0438\u043a\u0430 \u0438 \u0432\u0441\u0442\u0440\u0435\u0442\u0438\u0442\u044c\u0441\u044f \u0441 \u043d\u0438\u043c. \u042d\u0442\u043e \u043e\u0437\u043d\u0430\u0447\u0430\u0435\u0442, \u0447\u0442\u043e \u0434\u043b\u044f \u043f\u0440\u043e\u0446\u0435\u0441\u0441\u0443\u0430\u043b\u044c\u043d\u044b\u0445 \u0434\u0435\u0439\u0441\u0442\u0432\u0438\u0439 \u0412\u044b \u043c\u043e\u0436\u0435\u0442\u0435 \u043f\u043e\u043b\u0443\u0447\u0438\u0442\u044c \u0437\u0430\u0449\u0438\u0442\u043d\u0438\u043a\u0430 \u043f\u043e \u0441\u043e\u0433\u043b\u0430\u0448\u0435\u043d\u0438\u044e, \u0438 \u0435\u0441\u043b\u0438 \u0443 \u0412\u0430\u0441 \u0434\u043b\u044f \u044d\u0442\u043e\u0433\u043e \u043d\u0435\u0442 \u0441\u0440\u0435\u0434\u0441\u0442\u0432, \u0412\u044b \u043c\u043e\u0436\u0435\u0442\u0435 \u0442\u0440\u0435\u0431\u043e\u0432\u0430\u0442\u044c \u0443 \u043b\u0438\u0446\u0430, \u0432\u0435\u0434\u0443\u0449\u0435\u0433\u043e \u043f\u0440\u043e\u0438\u0437\u0432\u043e\u0434\u0441\u0442\u0432\u043e, \u043d\u0430\u0437\u043d\u0430\u0447\u0435\u043d\u0438\u044f \u0441\u0435\u0431\u0435 \u0437\u0430\u0449\u0438\u0442\u043d\u0438\u043a\u0430 \u0432 \u0432\u0438\u0434\u0435 \u0433\u043e\u0441\u0443\u0434\u0430\u0440\u0441\u0442\u0432\u0435\u043d\u043d\u043e\u0439 \u043f\u0440\u0430\u0432\u043e\u0432\u043e\u0439 \u043f\u043e\u043c\u043e\u0449\u0438. \u0415\u0441\u043b\u0438 \u0412\u044b \u0441\u043e\u043c\u043d\u0435\u0432\u0430\u0435\u0442\u0435\u0441\u044c, \u043d\u0443\u0436\u0435\u043d \u0412\u0430\u043c \u0437\u0430\u0449\u0438\u0442\u043d\u0438\u043a \u0438\u043b\u0438 \u043d\u0435\u0442, \u0432\u0441\u0435 \u0436\u0435 \u043d\u0430\u0439\u043c\u0438\u0442\u0435 \u0441\u0435\u0431\u0435 \u0437\u0430\u0449\u0438\u0442\u043d\u0438\u043a\u0430, \u043f\u043e\u0442\u043e\u043c\u0443 \u0447\u0442\u043e \u0412\u044b \u043d\u0435 \u0443\u0432\u0435\u0440\u0435\u043d\u044b \u0432 \u0442\u043e\u043c, \u0447\u0442\u043e \u043e\u043d \u0412\u0430\u043c \u043d\u0435 \u043d\u0443\u0436\u0435\u043d. \u041d\u0435 \u043f\u043e\u0437\u0432\u043e\u043b\u044f\u0439\u0442\u0435 \u0443\u0431\u0435\u0434\u0438\u0442\u044c \u0441\u0435\u0431\u044f \u0432 \u043e\u0431\u0440\u0430\u0442\u043d\u043e\u043c. \u0414\u0430\u0436\u0435 \u0435\u0441\u043b\u0438 \u0412\u044b \u043d\u0435 \u0441\u0447\u0438\u0442\u0430\u0435\u0442\u0435 \u043d\u0435\u043e\u0431\u0445\u043e\u0434\u0438\u043c\u044b\u043c \u0443\u0447\u0430\u0441\u0442\u0438\u0435 \u0437\u0430\u0449\u0438\u0442\u043d\u0438\u043a\u0430 \u0432 \u043f\u0440\u043e\u0438\u0437\u0432\u043e\u0434\u0441\u0442\u0432\u0435\u043d\u043d\u044b\u0445 \u0434\u0435\u043b\u0430\u0445, \u0432 \u0412\u0430\u0448\u0438\u0445 \u0436\u0435 \u0438\u043d\u0442\u0435\u0440\u0435\u0441\u0430\u0445 \u043c\u043e\u0436\u0435\u0442 \u0431\u044b\u0442\u044c \u043f\u043e\u043b\u0443\u0447\u0435\u043d\u0438\u0435 \u043f\u0440\u0435\u0434\u0432\u0430\u0440\u0438\u0442\u0435\u043b\u044c\u043d\u043e\u0439 \u043a\u043e\u043d\u0441\u0443\u043b\u044c\u0442\u0430\u0446\u0438\u0438 \u0430\u0434\u0432\u043e\u043a\u0430\u0442\u0430, \u0432\u043e \u0432\u0440\u0435\u043c\u044f \u043a\u043e\u0442\u043e\u0440\u043e\u0439 \u0430\u0434\u0432\u043e\u043a\u0430\u0442 \u043c\u043e\u0436\u0435\u0442 \u0440\u0430\u0437\u044a\u044f\u0441\u043d\u0438\u0442\u044c, \u0447\u0442\u043e \u0412\u0430\u0441 \u0436\u0434\u0435\u0442 \u0432\u043f\u0435\u0440\u0435\u0434\u0438 \u2013 \u0432\u043f\u043e\u043b\u043d\u0435 \u0432\u0435\u0440\u043e\u044f\u0442\u043d\u044b\u0439 \u043a\u043e\u043d\u0435\u0447\u043d\u044b\u0439 \u0440\u0435\u0437\u0443\u043b\u044c\u0442\u0430\u0442 \u043a\u0430\u043a \u043f\u0440\u043e\u0446\u0435\u0441\u0441\u0443\u0430\u043b\u044c\u043d\u043e\u0433\u043e \u043f\u0440\u043e\u0438\u0437\u0432\u043e\u0434\u0441\u0442\u0432\u0430, \u0442\u0430\u043a \u0438 \u0443\u0433\u043e\u043b\u043e\u0432\u043d\u043e\u0433\u043e \u0434\u0435\u043b\u0430.<\/p>\n<\/div><\/section>\n\n","protected":false},"excerpt":{"rendered":"","protected":false},"author":2,"featured_media":0,"parent":0,"menu_order":0,"comment_status":"closed","ping_status":"closed","template":"","meta":{"footnotes":""},"class_list":["post-235","page","type-page","status-publish","hentry"],"yoast_head":"<!-- This site is optimized with the Yoast SEO plugin v25.6 - https:\/\/yoast.com\/wordpress\/plugins\/seo\/ -->\n<title>\u041f\u0415\u041d\u0418\u0422\u0415\u041d\u0426\u0418\u0410\u0420\u041d\u041e\u0415 \u041f\u0420\u0410\u0412\u041e - L\u00e4\u00e4nemaa I Advokaadib\u00fcroo<\/title>\n<meta name=\"robots\" content=\"index, follow, max-snippet:-1, max-image-preview:large, max-video-preview:-1\" \/>\n<link rel=\"canonical\" href=\"https:\/\/laanemaa1.ee\/karistusoigus\/\" \/>\n<meta property=\"og:locale\" content=\"ru_RU\" \/>\n<meta property=\"og:type\" content=\"article\" \/>\n<meta property=\"og:title\" content=\"\u041f\u0415\u041d\u0418\u0422\u0415\u041d\u0426\u0418\u0410\u0420\u041d\u041e\u0415 \u041f\u0420\u0410\u0412\u041e - L\u00e4\u00e4nemaa I Advokaadib\u00fcroo\" \/>\n<meta property=\"og:url\" content=\"https:\/\/laanemaa1.ee\/karistusoigus\/\" \/>\n<meta property=\"og:site_name\" content=\"L\u00e4\u00e4nemaa I Advokaadib\u00fcroo\" \/>\n<meta name=\"twitter:card\" content=\"summary_large_image\" \/>\n<meta name=\"twitter:label1\" content=\"\u041f\u0440\u0438\u043c\u0435\u0440\u043d\u043e\u0435 \u0432\u0440\u0435\u043c\u044f \u0434\u043b\u044f \u0447\u0442\u0435\u043d\u0438\u044f\" \/>\n\t<meta name=\"twitter:data1\" content=\"1 \u043c\u0438\u043d\u0443\u0442\u0430\" \/>\n<script type=\"application\/ld+json\" class=\"yoast-schema-graph\">{\"@context\":\"https:\/\/schema.org\",\"@graph\":[{\"@type\":\"WebPage\",\"@id\":\"https:\/\/laanemaa1.ee\/karistusoigus\/\",\"url\":\"https:\/\/laanemaa1.ee\/karistusoigus\/\",\"name\":\"\u041f\u0415\u041d\u0418\u0422\u0415\u041d\u0426\u0418\u0410\u0420\u041d\u041e\u0415 \u041f\u0420\u0410\u0412\u041e - L\u00e4\u00e4nemaa I Advokaadib\u00fcroo\",\"isPartOf\":{\"@id\":\"https:\/\/laanemaa1.ee\/#website\"},\"datePublished\":\"2016-09-28T16:11:52+00:00\",\"breadcrumb\":{\"@id\":\"https:\/\/laanemaa1.ee\/karistusoigus\/#breadcrumb\"},\"inLanguage\":\"ru-RU\",\"potentialAction\":[{\"@type\":\"ReadAction\",\"target\":[\"https:\/\/laanemaa1.ee\/karistusoigus\/\"]}]},{\"@type\":\"BreadcrumbList\",\"@id\":\"https:\/\/laanemaa1.ee\/karistusoigus\/#breadcrumb\",\"itemListElement\":[{\"@type\":\"ListItem\",\"position\":1,\"name\":\"Home\",\"item\":\"https:\/\/laanemaa1.ee\/ru\/\"},{\"@type\":\"ListItem\",\"position\":2,\"name\":\"\u041f\u0415\u041d\u0418\u0422\u0415\u041d\u0426\u0418\u0410\u0420\u041d\u041e\u0415 \u041f\u0420\u0410\u0412\u041e\"}]},{\"@type\":\"WebSite\",\"@id\":\"https:\/\/laanemaa1.ee\/#website\",\"url\":\"https:\/\/laanemaa1.ee\/\",\"name\":\"L\u00e4\u00e4nemaa I Advokaadib\u00fcroo\",\"description\":\"\",\"potentialAction\":[{\"@type\":\"SearchAction\",\"target\":{\"@type\":\"EntryPoint\",\"urlTemplate\":\"https:\/\/laanemaa1.ee\/?s={search_term_string}\"},\"query-input\":{\"@type\":\"PropertyValueSpecification\",\"valueRequired\":true,\"valueName\":\"search_term_string\"}}],\"inLanguage\":\"ru-RU\"}]}<\/script>\n<!-- \/ Yoast SEO plugin. -->","yoast_head_json":{"title":"\u041f\u0415\u041d\u0418\u0422\u0415\u041d\u0426\u0418\u0410\u0420\u041d\u041e\u0415 \u041f\u0420\u0410\u0412\u041e - L\u00e4\u00e4nemaa I Advokaadib\u00fcroo","robots":{"index":"index","follow":"follow","max-snippet":"max-snippet:-1","max-image-preview":"max-image-preview:large","max-video-preview":"max-video-preview:-1"},"canonical":"https:\/\/laanemaa1.ee\/karistusoigus\/","og_locale":"ru_RU","og_type":"article","og_title":"\u041f\u0415\u041d\u0418\u0422\u0415\u041d\u0426\u0418\u0410\u0420\u041d\u041e\u0415 \u041f\u0420\u0410\u0412\u041e - L\u00e4\u00e4nemaa I Advokaadib\u00fcroo","og_url":"https:\/\/laanemaa1.ee\/karistusoigus\/","og_site_name":"L\u00e4\u00e4nemaa I Advokaadib\u00fcroo","twitter_card":"summary_large_image","twitter_misc":{"\u041f\u0440\u0438\u043c\u0435\u0440\u043d\u043e\u0435 \u0432\u0440\u0435\u043c\u044f \u0434\u043b\u044f \u0447\u0442\u0435\u043d\u0438\u044f":"1 \u043c\u0438\u043d\u0443\u0442\u0430"},"schema":{"@context":"https:\/\/schema.org","@graph":[{"@type":"WebPage","@id":"https:\/\/laanemaa1.ee\/karistusoigus\/","url":"https:\/\/laanemaa1.ee\/karistusoigus\/","name":"\u041f\u0415\u041d\u0418\u0422\u0415\u041d\u0426\u0418\u0410\u0420\u041d\u041e\u0415 \u041f\u0420\u0410\u0412\u041e - L\u00e4\u00e4nemaa I Advokaadib\u00fcroo","isPartOf":{"@id":"https:\/\/laanemaa1.ee\/#website"},"datePublished":"2016-09-28T16:11:52+00:00","breadcrumb":{"@id":"https:\/\/laanemaa1.ee\/karistusoigus\/#breadcrumb"},"inLanguage":"ru-RU","potentialAction":[{"@type":"ReadAction","target":["https:\/\/laanemaa1.ee\/karistusoigus\/"]}]},{"@type":"BreadcrumbList","@id":"https:\/\/laanemaa1.ee\/karistusoigus\/#breadcrumb","itemListElement":[{"@type":"ListItem","position":1,"name":"Home","item":"https:\/\/laanemaa1.ee\/ru\/"},{"@type":"ListItem","position":2,"name":"\u041f\u0415\u041d\u0418\u0422\u0415\u041d\u0426\u0418\u0410\u0420\u041d\u041e\u0415 \u041f\u0420\u0410\u0412\u041e"}]},{"@type":"WebSite","@id":"https:\/\/laanemaa1.ee\/#website","url":"https:\/\/laanemaa1.ee\/","name":"L\u00e4\u00e4nemaa I Advokaadib\u00fcroo","description":"","potentialAction":[{"@type":"SearchAction","target":{"@type":"EntryPoint","urlTemplate":"https:\/\/laanemaa1.ee\/?s={search_term_string}"},"query-input":{"@type":"PropertyValueSpecification","valueRequired":true,"valueName":"search_term_string"}}],"inLanguage":"ru-RU"}]}},"_links":{"self":[{"href":"https:\/\/laanemaa1.ee\/ru\/wp-json\/wp\/v2\/pages\/235","targetHints":{"allow":["GET"]}}],"collection":[{"href":"https:\/\/laanemaa1.ee\/ru\/wp-json\/wp\/v2\/pages"}],"about":[{"href":"https:\/\/laanemaa1.ee\/ru\/wp-json\/wp\/v2\/types\/page"}],"author":[{"embeddable":true,"href":"https:\/\/laanemaa1.ee\/ru\/wp-json\/wp\/v2\/users\/2"}],"replies":[{"embeddable":true,"href":"https:\/\/laanemaa1.ee\/ru\/wp-json\/wp\/v2\/comments?post=235"}],"version-history":[{"count":1,"href":"https:\/\/laanemaa1.ee\/ru\/wp-json\/wp\/v2\/pages\/235\/revisions"}],"predecessor-version":[{"id":236,"href":"https:\/\/laanemaa1.ee\/ru\/wp-json\/wp\/v2\/pages\/235\/revisions\/236"}],"wp:attachment":[{"href":"https:\/\/laanemaa1.ee\/ru\/wp-json\/wp\/v2\/media?parent=235"}],"curies":[{"name":"wp","href":"https:\/\/api.w.org\/{rel}","templated":true}]}}