{"id":242,"date":"2016-09-28T16:30:26","date_gmt":"2016-09-28T16:30:26","guid":{"rendered":"https:\/\/laanemaa1.ee\/ru\/?page_id=242"},"modified":"2025-08-05T12:05:53","modified_gmt":"2025-08-05T12:05:53","slug":"%d0%ba%d0%be%d0%bd%d1%82%d0%b0%d0%ba%d1%82","status":"publish","type":"page","link":"https:\/\/laanemaa1.ee\/ru\/%d0%ba%d0%be%d0%bd%d1%82%d0%b0%d0%ba%d1%82\/","title":{"rendered":"\u041a\u041e\u041d\u0422\u0410\u041a\u0422"},"content":{"rendered":"<div id='av-layout-grid-1'  class='av-layout-grid-container av-1ls5zm-3f21ced87099d6519b3ae620b2057955 entry-content-wrapper socket_color av-flex-cells  avia-builder-el-0  avia-builder-el-no-sibling   container_wrap fullsize'  >\n\n<style type=\"text\/css\" data-created_by=\"avia_inline_auto\" id=\"style-css-av-mdo8gsgs-9a0fa79d5589c643255ddab1186e65a0\">\n.flex_cell.av-mdo8gsgs-9a0fa79d5589c643255ddab1186e65a0{\nvertical-align:middle;\nbackground-color:#022e4f;\n}\n.responsive #top #wrap_all .flex_cell.av-mdo8gsgs-9a0fa79d5589c643255ddab1186e65a0{\npadding:50px 50px 50px 50px !important;\n}\n<\/style>\n<div class='flex_cell av-mdo8gsgs-9a0fa79d5589c643255ddab1186e65a0 av-gridrow-cell av_one_half no_margin  avia-builder-el-1  el_before_av_cell_one_half  avia-builder-el-first  content-align-middle'  ><div class='flex_cell_inner'><p>\n<style type=\"text\/css\" data-created_by=\"avia_inline_auto\" id=\"style-css-av-1g1xlu-dc45bbd3a294ca85a4730864ded75e5f\">\n#top .av-special-heading.av-1g1xlu-dc45bbd3a294ca85a4730864ded75e5f{\npadding-bottom:30px;\nfont-size:30px;\n}\nbody .av-special-heading.av-1g1xlu-dc45bbd3a294ca85a4730864ded75e5f .av-special-heading-tag .heading-char{\nfont-size:25px;\n}\n#top #wrap_all .av-special-heading.av-1g1xlu-dc45bbd3a294ca85a4730864ded75e5f .av-special-heading-tag{\nfont-size:30px;\n}\n.av-special-heading.av-1g1xlu-dc45bbd3a294ca85a4730864ded75e5f .av-subheading{\nfont-size:15px;\n}\n\n@media only screen and (min-width: 480px) and (max-width: 767px){ \n#top #wrap_all .av-special-heading.av-1g1xlu-dc45bbd3a294ca85a4730864ded75e5f .av-special-heading-tag{\nfont-size:0.8em;\n}\n}\n\n@media only screen and (max-width: 479px){ \n#top #wrap_all .av-special-heading.av-1g1xlu-dc45bbd3a294ca85a4730864ded75e5f .av-special-heading-tag{\nfont-size:0.8em;\n}\n}\n<\/style>\n<div  class='av-special-heading av-1g1xlu-dc45bbd3a294ca85a4730864ded75e5f av-special-heading-h1 blockquote modern-quote modern-centered  avia-builder-el-2  el_before_av_image  avia-builder-el-first  av-inherit-size'><h1 class='av-special-heading-tag '  itemprop=\"headline\"  >\u041a\u041e\u041d\u0422\u0410\u041a\u0422 <\/h1><div class=\"special-heading-border\"><div class=\"special-heading-inner-border\"><\/div><\/div><\/div><br \/>\n\n<style type=\"text\/css\" data-created_by=\"avia_inline_auto\" id=\"style-css-av-17b9oa-9978da4c27210ceb910447b7c9074086\">\n.avia-image-container.av-17b9oa-9978da4c27210ceb910447b7c9074086 img.avia_image{\nbox-shadow:none;\n}\n.avia-image-container.av-17b9oa-9978da4c27210ceb910447b7c9074086 .av-image-caption-overlay-center{\ncolor:#ffffff;\n}\n<\/style>\n<div  class='avia-image-container av-17b9oa-9978da4c27210ceb910447b7c9074086 av-styling- av-img-linked avia-align-center  avia-builder-el-3  el_after_av_heading  el_before_av_textblock '   itemprop=\"image\" itemscope=\"itemscope\" itemtype=\"https:\/\/schema.org\/ImageObject\" ><div class=\"avia-image-container-inner\"><div class=\"avia-image-overlay-wrap\"><a href=\"https:\/\/laanemaa1.ee\/wp-content\/uploads\/2016\/08\/PILT1283-1030x685.jpg\" data-srcset=\"https:\/\/laanemaa1.ee\/wp-content\/uploads\/2016\/08\/PILT1283-1030x685.jpg 1030w, https:\/\/laanemaa1.ee\/wp-content\/uploads\/2016\/08\/PILT1283-300x200.jpg 300w, https:\/\/laanemaa1.ee\/wp-content\/uploads\/2016\/08\/PILT1283-768x511.jpg 768w, https:\/\/laanemaa1.ee\/wp-content\/uploads\/2016\/08\/PILT1283-705x469.jpg 705w, https:\/\/laanemaa1.ee\/wp-content\/uploads\/2016\/08\/PILT1283-450x299.jpg 450w, https:\/\/laanemaa1.ee\/wp-content\/uploads\/2016\/08\/PILT1283.jpg 1200w\" data-sizes=\"(max-width: 1030px) 100vw, 1030px\" class='avia_image '  aria-label='PILT1283'><img decoding=\"async\" fetchpriority=\"high\" class='wp-image-309 avia-img-lazy-loading-not-309 avia_image ' src=\"https:\/\/laanemaa1.ee\/wp-content\/uploads\/2016\/08\/PILT1283-495x400.jpg\" alt='' title='PILT1283'  height=\"400\" width=\"495\"  itemprop=\"thumbnailUrl\" srcset=\"https:\/\/laanemaa1.ee\/wp-content\/uploads\/2016\/08\/PILT1283-495x400.jpg 495w, https:\/\/laanemaa1.ee\/wp-content\/uploads\/2016\/08\/PILT1283-845x684.jpg 845w\" sizes=\"(max-width: 495px) 100vw, 495px\" \/><\/a><\/div><\/div><\/div><br \/>\n<section  class='av_textblock_section av-10ykne-45aa58b63fe1ed6bc57c669c4d81e38a '   itemscope=\"itemscope\" itemtype=\"https:\/\/schema.org\/CreativeWork\" ><div class='avia_textblock'  itemprop=\"text\" ><p style=\"text-align: center;\">\u041c\u044b \u043d\u0430\u0445\u043e\u0434\u0438\u043c\u0441\u044f \u0432 \u0421\u0442\u0430\u0440\u043e\u043c \u0433\u043e\u0440\u043e\u0434\u0435 \u0425\u0430\u0430\u043f\u0441\u0430\u043b\u0443, \u0432 \u0438\u0441\u0442\u043e\u0440\u0438\u0447\u0435\u0441\u043a\u043e\u043c \u0437\u0434\u0430\u043d\u0438\u0438 \u043f\u043e\u0436\u0430\u0440\u043d\u043e\u0439 \u0447\u0430\u0441\u0442\u0438, \u043d\u0430 II \u044d\u0442\u0430\u0436\u0435.<\/p>\n<p style=\"text-align: center;\">\u0410\u0434\u0440\u0435\u0441: Karja 20 Haapsalu<\/p>\n<p style=\"text-align: center;\">\u0422\u0435\u043b: 5283882<\/p>\n<p style=\"text-align: center;\">\u042d\u043b. \u043f\u043e\u0447\u0442\u0430: <a href=\"mailto:advokaat.rajavere@gmail.com\">advokaat.rajavere@gmail.com<\/a><\/p>\n<\/div><\/section><\/p>\n<\/div><\/div>\n<style type=\"text\/css\" data-created_by=\"avia_inline_auto\" id=\"style-css-av-mdo8gwx9-e3ec6c905d5aaf77fef10f69b06cef3e\">\n.flex_cell.av-mdo8gwx9-e3ec6c905d5aaf77fef10f69b06cef3e{\nvertical-align:middle;\nbackground-color:#022e4f;\n}\n.responsive #top #wrap_all .flex_cell.av-mdo8gwx9-e3ec6c905d5aaf77fef10f69b06cef3e{\npadding:0px 0px 0px 0px !important;\n}\n<\/style>\n<div class='flex_cell av-mdo8gwx9-e3ec6c905d5aaf77fef10f69b06cef3e av-gridrow-cell av_one_half no_margin  avia-builder-el-5  el_after_av_cell_one_half  avia-builder-el-last  content-align-middle av-zero-padding'  ><div class='flex_cell_inner'><\/div><\/div><\/div>\n","protected":false},"excerpt":{"rendered":"","protected":false},"author":2,"featured_media":0,"parent":0,"menu_order":0,"comment_status":"closed","ping_status":"closed","template":"","meta":{"footnotes":""},"class_list":["post-242","page","type-page","status-publish","hentry"],"yoast_head":"<!-- This site is optimized with the Yoast SEO plugin v25.6 - https:\/\/yoast.com\/wordpress\/plugins\/seo\/ -->\n<title>\u041a\u041e\u041d\u0422\u0410\u041a\u0422 - L\u00e4\u00e4nemaa I Advokaadib\u00fcroo<\/title>\n<meta name=\"robots\" content=\"index, follow, max-snippet:-1, max-image-preview:large, max-video-preview:-1\" \/>\n<link rel=\"canonical\" href=\"https:\/\/laanemaa1.ee\/ru\/\u043a\u043e\u043d\u0442\u0430\u043a\u0442\/\" \/>\n<meta property=\"og:locale\" content=\"ru_RU\" \/>\n<meta property=\"og:type\" content=\"article\" \/>\n<meta property=\"og:title\" content=\"\u041a\u041e\u041d\u0422\u0410\u041a\u0422 - L\u00e4\u00e4nemaa I Advokaadib\u00fcroo\" \/>\n<meta property=\"og:url\" content=\"https:\/\/laanemaa1.ee\/ru\/\u043a\u043e\u043d\u0442\u0430\u043a\u0442\/\" \/>\n<meta property=\"og:site_name\" content=\"L\u00e4\u00e4nemaa I Advokaadib\u00fcroo\" \/>\n<meta property=\"article:modified_time\" content=\"2025-08-05T12:05:53+00:00\" \/>\n<meta name=\"twitter:card\" content=\"summary_large_image\" \/>\n<meta name=\"twitter:label1\" content=\"\u041f\u0440\u0438\u043c\u0435\u0440\u043d\u043e\u0435 \u0432\u0440\u0435\u043c\u044f \u0434\u043b\u044f \u0447\u0442\u0435\u043d\u0438\u044f\" \/>\n\t<meta name=\"twitter:data1\" content=\"1 \u043c\u0438\u043d\u0443\u0442\u0430\" \/>\n<script type=\"application\/ld+json\" class=\"yoast-schema-graph\">{\"@context\":\"https:\/\/schema.org\",\"@graph\":[{\"@type\":\"WebPage\",\"@id\":\"https:\/\/laanemaa1.ee\/ru\/%d0%ba%d0%be%d0%bd%d1%82%d0%b0%d0%ba%d1%82\/\",\"url\":\"https:\/\/laanemaa1.ee\/ru\/%d0%ba%d0%be%d0%bd%d1%82%d0%b0%d0%ba%d1%82\/\",\"name\":\"\u041a\u041e\u041d\u0422\u0410\u041a\u0422 - L\u00e4\u00e4nemaa I Advokaadib\u00fcroo\",\"isPartOf\":{\"@id\":\"https:\/\/laanemaa1.ee\/#website\"},\"datePublished\":\"2016-09-28T16:30:26+00:00\",\"dateModified\":\"2025-08-05T12:05:53+00:00\",\"breadcrumb\":{\"@id\":\"https:\/\/laanemaa1.ee\/ru\/%d0%ba%d0%be%d0%bd%d1%82%d0%b0%d0%ba%d1%82\/#breadcrumb\"},\"inLanguage\":\"ru-RU\",\"potentialAction\":[{\"@type\":\"ReadAction\",\"target\":[\"https:\/\/laanemaa1.ee\/ru\/%d0%ba%d0%be%d0%bd%d1%82%d0%b0%d0%ba%d1%82\/\"]}]},{\"@type\":\"BreadcrumbList\",\"@id\":\"https:\/\/laanemaa1.ee\/ru\/%d0%ba%d0%be%d0%bd%d1%82%d0%b0%d0%ba%d1%82\/#breadcrumb\",\"itemListElement\":[{\"@type\":\"ListItem\",\"position\":1,\"name\":\"Home\",\"item\":\"https:\/\/laanemaa1.ee\/ru\/\"},{\"@type\":\"ListItem\",\"position\":2,\"name\":\"\u041a\u041e\u041d\u0422\u0410\u041a\u0422\"}]},{\"@type\":\"WebSite\",\"@id\":\"https:\/\/laanemaa1.ee\/#website\",\"url\":\"https:\/\/laanemaa1.ee\/\",\"name\":\"L\u00e4\u00e4nemaa I Advokaadib\u00fcroo\",\"description\":\"\",\"potentialAction\":[{\"@type\":\"SearchAction\",\"target\":{\"@type\":\"EntryPoint\",\"urlTemplate\":\"https:\/\/laanemaa1.ee\/?s={search_term_string}\"},\"query-input\":{\"@type\":\"PropertyValueSpecification\",\"valueRequired\":true,\"valueName\":\"search_term_string\"}}],\"inLanguage\":\"ru-RU\"}]}<\/script>\n<!-- \/ Yoast SEO plugin. -->","yoast_head_json":{"title":"\u041a\u041e\u041d\u0422\u0410\u041a\u0422 - L\u00e4\u00e4nemaa I Advokaadib\u00fcroo","robots":{"index":"index","follow":"follow","max-snippet":"max-snippet:-1","max-image-preview":"max-image-preview:large","max-video-preview":"max-video-preview:-1"},"canonical":"https:\/\/laanemaa1.ee\/ru\/\u043a\u043e\u043d\u0442\u0430\u043a\u0442\/","og_locale":"ru_RU","og_type":"article","og_title":"\u041a\u041e\u041d\u0422\u0410\u041a\u0422 - L\u00e4\u00e4nemaa I Advokaadib\u00fcroo","og_url":"https:\/\/laanemaa1.ee\/ru\/\u043a\u043e\u043d\u0442\u0430\u043a\u0442\/","og_site_name":"L\u00e4\u00e4nemaa I Advokaadib\u00fcroo","article_modified_time":"2025-08-05T12:05:53+00:00","twitter_card":"summary_large_image","twitter_misc":{"\u041f\u0440\u0438\u043c\u0435\u0440\u043d\u043e\u0435 \u0432\u0440\u0435\u043c\u044f \u0434\u043b\u044f \u0447\u0442\u0435\u043d\u0438\u044f":"1 \u043c\u0438\u043d\u0443\u0442\u0430"},"schema":{"@context":"https:\/\/schema.org","@graph":[{"@type":"WebPage","@id":"https:\/\/laanemaa1.ee\/ru\/%d0%ba%d0%be%d0%bd%d1%82%d0%b0%d0%ba%d1%82\/","url":"https:\/\/laanemaa1.ee\/ru\/%d0%ba%d0%be%d0%bd%d1%82%d0%b0%d0%ba%d1%82\/","name":"\u041a\u041e\u041d\u0422\u0410\u041a\u0422 - L\u00e4\u00e4nemaa I Advokaadib\u00fcroo","isPartOf":{"@id":"https:\/\/laanemaa1.ee\/#website"},"datePublished":"2016-09-28T16:30:26+00:00","dateModified":"2025-08-05T12:05:53+00:00","breadcrumb":{"@id":"https:\/\/laanemaa1.ee\/ru\/%d0%ba%d0%be%d0%bd%d1%82%d0%b0%d0%ba%d1%82\/#breadcrumb"},"inLanguage":"ru-RU","potentialAction":[{"@type":"ReadAction","target":["https:\/\/laanemaa1.ee\/ru\/%d0%ba%d0%be%d0%bd%d1%82%d0%b0%d0%ba%d1%82\/"]}]},{"@type":"BreadcrumbList","@id":"https:\/\/laanemaa1.ee\/ru\/%d0%ba%d0%be%d0%bd%d1%82%d0%b0%d0%ba%d1%82\/#breadcrumb","itemListElement":[{"@type":"ListItem","position":1,"name":"Home","item":"https:\/\/laanemaa1.ee\/ru\/"},{"@type":"ListItem","position":2,"name":"\u041a\u041e\u041d\u0422\u0410\u041a\u0422"}]},{"@type":"WebSite","@id":"https:\/\/laanemaa1.ee\/#website","url":"https:\/\/laanemaa1.ee\/","name":"L\u00e4\u00e4nemaa I Advokaadib\u00fcroo","description":"","potentialAction":[{"@type":"SearchAction","target":{"@type":"EntryPoint","urlTemplate":"https:\/\/laanemaa1.ee\/?s={search_term_string}"},"query-input":{"@type":"PropertyValueSpecification","valueRequired":true,"valueName":"search_term_string"}}],"inLanguage":"ru-RU"}]}},"_links":{"self":[{"href":"https:\/\/laanemaa1.ee\/ru\/wp-json\/wp\/v2\/pages\/242","targetHints":{"allow":["GET"]}}],"collection":[{"href":"https:\/\/laanemaa1.ee\/ru\/wp-json\/wp\/v2\/pages"}],"about":[{"href":"https:\/\/laanemaa1.ee\/ru\/wp-json\/wp\/v2\/types\/page"}],"author":[{"embeddable":true,"href":"https:\/\/laanemaa1.ee\/ru\/wp-json\/wp\/v2\/users\/2"}],"replies":[{"embeddable":true,"href":"https:\/\/laanemaa1.ee\/ru\/wp-json\/wp\/v2\/comments?post=242"}],"version-history":[{"count":6,"href":"https:\/\/laanemaa1.ee\/ru\/wp-json\/wp\/v2\/pages\/242\/revisions"}],"predecessor-version":[{"id":319,"href":"https:\/\/laanemaa1.ee\/ru\/wp-json\/wp\/v2\/pages\/242\/revisions\/319"}],"wp:attachment":[{"href":"https:\/\/laanemaa1.ee\/ru\/wp-json\/wp\/v2\/media?parent=242"}],"curies":[{"name":"wp","href":"https:\/\/api.w.org\/{rel}","templated":true}]}}